{"id":154,"date":"2025-03-18T16:45:55","date_gmt":"2025-03-18T16:45:55","guid":{"rendered":"https:\/\/thinkgame.ugal.ro\/site\/?page_id=154"},"modified":"2025-03-22T10:34:50","modified_gmt":"2025-03-22T08:34:50","slug":"partners","status":"publish","type":"page","link":"https:\/\/thinkgame.ugal.ro\/site\/partners\/","title":{"rendered":"Partners"},"content":{"rendered":"<p>[et_pb_section fb_built=&#8221;1&#8243; _builder_version=&#8221;4.23.2&#8243; _module_preset=&#8221;default&#8221; overflow-x=&#8221;hidden&#8221; overflow-y=&#8221;hidden&#8221; custom_padding=&#8221;29px||0px||false|false&#8221; collapsed=&#8221;on&#8221; global_colors_info=&#8221;{}&#8221;][et_pb_row _builder_version=&#8221;4.23.1&#8243; _module_preset=&#8221;default&#8221; custom_padding=&#8221;||18px|||&#8221; global_colors_info=&#8221;{}&#8221;][et_pb_column type=&#8221;4_4&#8243; _builder_version=&#8221;4.23.1&#8243; _module_preset=&#8221;default&#8221; global_colors_info=&#8221;{}&#8221;][et_pb_text _builder_version=&#8221;4.27.4&#8243; _module_preset=&#8221;a4ed902a-0872-4188-bc87-63f98888afec&#8221; text_font=&#8221;|600|||||||&#8221; text_font_size=&#8221;38px&#8221; header_text_color=&#8221;#000000&#8243; text_orientation=&#8221;center&#8221; custom_margin=&#8221;||10px||false|false&#8221; global_colors_info=&#8221;{}&#8221;]<span style=\"font-family: 'Vampire Wars'; letter-spacing: 6px; line-height: 1.2em;font-weight: normal;\">Project partners<\/span>[\/et_pb_text][\/et_pb_column][\/et_pb_row][et_pb_row _builder_version=&#8221;4.23.1&#8243; _module_preset=&#8221;default&#8221; width=&#8221;100%&#8221; max_width=&#8221;none&#8221; custom_padding=&#8221;||0px||false|false&#8221; locked=&#8221;off&#8221; global_colors_info=&#8221;{}&#8221;][et_pb_column type=&#8221;4_4&#8243; _builder_version=&#8221;4.23.1&#8243; _module_preset=&#8221;default&#8221; global_colors_info=&#8221;{}&#8221;][et_pb_image src=&#8221;https:\/\/thinkgame.ugal.ro\/site\/wp-content\/uploads\/2025\/03\/image5.png&#8221; force_fullwidth=&#8221;on&#8221; _builder_version=&#8221;4.27.4&#8243; _module_preset=&#8221;default&#8221; animation_direction=&#8221;bottom&#8221; scroll_vertical_motion=&#8221;0|0|0|100|0|0|2&#8243; global_colors_info=&#8221;{}&#8221;][\/et_pb_image][\/et_pb_column][\/et_pb_row][\/et_pb_section][et_pb_section fb_built=&#8221;1&#8243; admin_label=&#8221;Features&#8221; _builder_version=&#8221;4.23.2&#8243; _module_preset=&#8221;default&#8221; background_color=&#8221;#000000&#8243; custom_padding=&#8221;0vw||||false|false&#8221; locked=&#8221;off&#8221; collapsed=&#8221;on&#8221; global_colors_info=&#8221;{}&#8221;][et_pb_row column_structure=&#8221;1_2,1_2&#8243; _builder_version=&#8221;4.23.1&#8243; _module_preset=&#8221;default&#8221; custom_padding=&#8221;61px|||||&#8221; global_colors_info=&#8221;{}&#8221;][et_pb_column type=&#8221;1_2&#8243; _builder_version=&#8221;4.23.1&#8243; _module_preset=&#8221;default&#8221; global_colors_info=&#8221;{}&#8221;][et_pb_text _builder_version=&#8221;4.27.4&#8243; _module_preset=&#8221;58213d80-656c-4a60-810f-108dfc30e990&#8243; text_font=&#8221;|600|||||||&#8221; text_text_color=&#8221;#FFFFFF&#8221; text_font_size=&#8221;25px&#8221; header_2_text_color=&#8221;#FFFFFF&#8221; custom_margin=&#8221;||10px||false|false&#8221; global_colors_info=&#8221;{}&#8221;]<img loading=\"lazy\" decoding=\"async\" src=\"https:\/\/thinkgame.ugal.ro\/site\/wp-content\/uploads\/2025\/03\/ugal1.png\" width=\"517\" height=\"552\" alt=\"\" class=\"wp-image-374 alignnone size-full\"  style=\"max-width: 132px;\" srcset=\"https:\/\/thinkgame.ugal.ro\/site\/wp-content\/uploads\/2025\/03\/ugal1.png 517w, https:\/\/thinkgame.ugal.ro\/site\/wp-content\/uploads\/2025\/03\/ugal1-480x512.png 480w\" sizes=\"(min-width: 0px) and (max-width: 480px) 480px, (min-width: 481px) 517px, 100vw\" \/><\/p>\n<p>&#8220;Dun\u0103rea de Jos&#8221; University of Gala\u021bi[\/et_pb_text][et_pb_text _builder_version=&#8221;4.23.1&#8243; _module_preset=&#8221;c960732b-b064-48b2-be6b-1f19a680fd4b&#8221; text_text_color=&#8221;gcid-3eb736dd-664e-410d-a075-54b047aa24aa&#8221; global_colors_info=&#8221;{%22gcid-3eb736dd-664e-410d-a075-54b047aa24aa%22:%91%22text_text_color%22%93}&#8221;]<\/p>\n<p>Gala\u021bi &#8211; Romania<\/p>\n<p><a href=\"http:\/\/www.ugal.ro\">www.ugal.ro<\/a><\/p>\n<p>Coordinator<\/p>\n<p>&nbsp;<\/p>\n<p>[\/et_pb_text][\/et_pb_column][et_pb_column type=&#8221;1_2&#8243; _builder_version=&#8221;4.23.1&#8243; _module_preset=&#8221;default&#8221; global_colors_info=&#8221;{}&#8221;][et_pb_image src=&#8221;https:\/\/thinkgame.ugal.ro\/site\/wp-content\/uploads\/2025\/03\/ro.png&#8221; align=&#8221;center&#8221; align_tablet=&#8221;left&#8221; align_phone=&#8221;left&#8221; align_last_edited=&#8221;on|tablet&#8221; _builder_version=&#8221;4.27.4&#8243; _module_preset=&#8221;default&#8221; max_width=&#8221;510px&#8221; max_height=&#8221;510px&#8221; max_height_tablet=&#8221;400px&#8221; max_height_phone=&#8221;400px&#8221; max_height_last_edited=&#8221;on|tablet&#8221; animation_style=&#8221;fade&#8221; global_colors_info=&#8221;{}&#8221;][\/et_pb_image][\/et_pb_column][\/et_pb_row][et_pb_row column_structure=&#8221;1_2,1_2&#8243; _builder_version=&#8221;4.23.1&#8243; _module_preset=&#8221;default&#8221; custom_padding=&#8221;61px|||||&#8221; global_colors_info=&#8221;{}&#8221;][et_pb_column type=&#8221;1_2&#8243; _builder_version=&#8221;4.23.1&#8243; _module_preset=&#8221;default&#8221; global_colors_info=&#8221;{}&#8221;][et_pb_text _builder_version=&#8221;4.27.4&#8243; _module_preset=&#8221;58213d80-656c-4a60-810f-108dfc30e990&#8243; text_font=&#8221;|600|||||||&#8221; text_text_color=&#8221;#FFFFFF&#8221; text_font_size=&#8221;25px&#8221; header_2_text_color=&#8221;#FFFFFF&#8221; custom_margin=&#8221;||10px||false|false&#8221; global_colors_info=&#8221;{}&#8221;]<img loading=\"lazy\" decoding=\"async\" width=\"1200\" height=\"394\" src=\"https:\/\/thinkgame.ugal.ro\/site\/wp-content\/uploads\/2025\/03\/UM_logo.png\" alt=\"\" class=\"wp-image-361 alignnone size-full\"  style=\"max-width: 320px\" srcset=\"https:\/\/thinkgame.ugal.ro\/site\/wp-content\/uploads\/2025\/03\/UM_logo.png 1200w, https:\/\/thinkgame.ugal.ro\/site\/wp-content\/uploads\/2025\/03\/UM_logo-980x322.png 980w, https:\/\/thinkgame.ugal.ro\/site\/wp-content\/uploads\/2025\/03\/UM_logo-480x158.png 480w\" sizes=\"(min-width: 0px) and (max-width: 480px) 480px, (min-width: 481px) and (max-width: 980px) 980px, (min-width: 981px) 1200px, 100vw\" \/><\/p>\n<p>Universita Ta Malta[\/et_pb_text][et_pb_text _builder_version=&#8221;4.27.4&#8243; _module_preset=&#8221;c960732b-b064-48b2-be6b-1f19a680fd4b&#8221; text_text_color=&#8221;gcid-3eb736dd-664e-410d-a075-54b047aa24aa&#8221; global_colors_info=&#8221;{%22gcid-3eb736dd-664e-410d-a075-54b047aa24aa%22:%91%22text_text_color%22%93}&#8221;]<\/p>\n<p>Msida &#8211; Malta<\/p>\n<p><span><a href=\"http:\/\/www.um.edu.mt\">www.um.edu.mt<\/a><\/span><\/p>\n<p>Partner<\/p>\n<p>&nbsp;<\/p>\n<p>[\/et_pb_text][\/et_pb_column][et_pb_column type=&#8221;1_2&#8243; _builder_version=&#8221;4.23.1&#8243; _module_preset=&#8221;default&#8221; global_colors_info=&#8221;{}&#8221;][et_pb_image src=&#8221;https:\/\/thinkgame.ugal.ro\/site\/wp-content\/uploads\/2025\/03\/mt.png&#8221; align=&#8221;center&#8221; align_tablet=&#8221;left&#8221; align_phone=&#8221;left&#8221; align_last_edited=&#8221;on|tablet&#8221; _builder_version=&#8221;4.27.4&#8243; _module_preset=&#8221;default&#8221; max_width=&#8221;510px&#8221; max_height=&#8221;510px&#8221; max_height_tablet=&#8221;400px&#8221; max_height_phone=&#8221;400px&#8221; max_height_last_edited=&#8221;on|tablet&#8221; animation_style=&#8221;fade&#8221; global_colors_info=&#8221;{}&#8221;][\/et_pb_image][\/et_pb_column][\/et_pb_row][et_pb_row column_structure=&#8221;1_2,1_2&#8243; _builder_version=&#8221;4.23.1&#8243; _module_preset=&#8221;default&#8221; custom_padding=&#8221;61px|||||&#8221; global_colors_info=&#8221;{}&#8221;][et_pb_column type=&#8221;1_2&#8243; _builder_version=&#8221;4.23.1&#8243; _module_preset=&#8221;default&#8221; global_colors_info=&#8221;{}&#8221;][et_pb_text _builder_version=&#8221;4.27.4&#8243; _module_preset=&#8221;58213d80-656c-4a60-810f-108dfc30e990&#8243; text_font=&#8221;|600|||||||&#8221; text_text_color=&#8221;#FFFFFF&#8221; text_font_size=&#8221;25px&#8221; header_2_text_color=&#8221;#FFFFFF&#8221; custom_margin=&#8221;||10px||false|false&#8221; hover_enabled=&#8221;0&#8243; global_colors_info=&#8221;{}&#8221; sticky_enabled=&#8221;0&#8243;]<img loading=\"lazy\" decoding=\"async\" width=\"1200\" height=\"1391\" src=\"https:\/\/thinkgame.ugal.ro\/site\/wp-content\/uploads\/2025\/03\/upg.png\" alt=\"\" class=\"wp-image-376 alignnone size-full\" style=\"max-width: 162px;\" srcset=\"https:\/\/thinkgame.ugal.ro\/site\/wp-content\/uploads\/2025\/03\/upg.png 1200w, https:\/\/thinkgame.ugal.ro\/site\/wp-content\/uploads\/2025\/03\/upg-980x1136.png 980w, https:\/\/thinkgame.ugal.ro\/site\/wp-content\/uploads\/2025\/03\/upg-480x556.png 480w\" sizes=\"(min-width: 0px) and (max-width: 480px) 480px, (min-width: 481px) and (max-width: 980px) 980px, (min-width: 981px) 1200px, 100vw\" \/><\/p>\n<p>Petroleum-Gas University of Ploie\u0219ti[\/et_pb_text][et_pb_text _builder_version=&#8221;4.27.4&#8243; _module_preset=&#8221;c960732b-b064-48b2-be6b-1f19a680fd4b&#8221; text_text_color=&#8221;gcid-3eb736dd-664e-410d-a075-54b047aa24aa&#8221; global_colors_info=&#8221;{%22gcid-3eb736dd-664e-410d-a075-54b047aa24aa%22:%91%22text_text_color%22%93}&#8221;]<\/p>\n<p>Ploie\u0219ti &#8211; Romania<\/p>\n<p><span><a href=\"http:\/\/www.upg-ploiesti.ro\">www.upg-ploiesti.ro<\/a><\/span><\/p>\n<p>Partner<\/p>\n<p>&nbsp;<\/p>\n<p>[\/et_pb_text][\/et_pb_column][et_pb_column type=&#8221;1_2&#8243; _builder_version=&#8221;4.23.1&#8243; _module_preset=&#8221;default&#8221; global_colors_info=&#8221;{}&#8221;][et_pb_image src=&#8221;https:\/\/thinkgame.ugal.ro\/site\/wp-content\/uploads\/2025\/03\/ro.png&#8221; align=&#8221;center&#8221; align_tablet=&#8221;left&#8221; align_phone=&#8221;left&#8221; align_last_edited=&#8221;on|tablet&#8221; _builder_version=&#8221;4.27.4&#8243; _module_preset=&#8221;default&#8221; max_width=&#8221;510px&#8221; max_height=&#8221;510px&#8221; max_height_tablet=&#8221;400px&#8221; max_height_phone=&#8221;400px&#8221; max_height_last_edited=&#8221;on|tablet&#8221; animation_style=&#8221;fade&#8221; global_colors_info=&#8221;{}&#8221;][\/et_pb_image][\/et_pb_column][\/et_pb_row][et_pb_row column_structure=&#8221;1_2,1_2&#8243; _builder_version=&#8221;4.23.1&#8243; _module_preset=&#8221;default&#8221; custom_padding=&#8221;61px|||||&#8221; global_colors_info=&#8221;{}&#8221;][et_pb_column type=&#8221;1_2&#8243; _builder_version=&#8221;4.23.1&#8243; _module_preset=&#8221;default&#8221; global_colors_info=&#8221;{}&#8221;][et_pb_text _builder_version=&#8221;4.27.4&#8243; _module_preset=&#8221;58213d80-656c-4a60-810f-108dfc30e990&#8243; text_font=&#8221;|600|||||||&#8221; text_text_color=&#8221;#FFFFFF&#8221; text_font_size=&#8221;25px&#8221; header_2_text_color=&#8221;#FFFFFF&#8221; custom_margin=&#8221;||10px||false|false&#8221; global_colors_info=&#8221;{}&#8221;]<img loading=\"lazy\" decoding=\"async\" width=\"1068\" height=\"196\" src=\"https:\/\/thinkgame.ugal.ro\/site\/wp-content\/uploads\/2025\/03\/ipb1.png\" alt=\"\" class=\"wp-image-371 alignnone size-full\" style=\"max-width: 400px\" srcset=\"https:\/\/thinkgame.ugal.ro\/site\/wp-content\/uploads\/2025\/03\/ipb1.png 1068w, https:\/\/thinkgame.ugal.ro\/site\/wp-content\/uploads\/2025\/03\/ipb1-980x180.png 980w, https:\/\/thinkgame.ugal.ro\/site\/wp-content\/uploads\/2025\/03\/ipb1-480x88.png 480w\" sizes=\"(min-width: 0px) and (max-width: 480px) 480px, (min-width: 481px) and (max-width: 980px) 980px, (min-width: 981px) 1068px, 100vw\" \/><\/p>\n<p>Polytechnic Institute of Bragan\u00e7a[\/et_pb_text][et_pb_text _builder_version=&#8221;4.27.4&#8243; _module_preset=&#8221;c960732b-b064-48b2-be6b-1f19a680fd4b&#8221; text_text_color=&#8221;gcid-3eb736dd-664e-410d-a075-54b047aa24aa&#8221; hover_enabled=&#8221;0&#8243; global_colors_info=&#8221;{%22gcid-3eb736dd-664e-410d-a075-54b047aa24aa%22:%91%22text_text_color%22%93}&#8221; sticky_enabled=&#8221;0&#8243;]Bragan\u00e7a &#8211; Portual<\/p>\n<p><a href=\"https:\/\/www.ipb.pt\">www.ipb.pt<\/a><\/p>\n<p>Partner<\/p>\n<p>&nbsp;[\/et_pb_text][\/et_pb_column][et_pb_column type=&#8221;1_2&#8243; _builder_version=&#8221;4.23.1&#8243; _module_preset=&#8221;default&#8221; global_colors_info=&#8221;{}&#8221;][et_pb_image src=&#8221;https:\/\/thinkgame.ugal.ro\/site\/wp-content\/uploads\/2025\/03\/pt.png&#8221; align=&#8221;center&#8221; align_tablet=&#8221;left&#8221; align_phone=&#8221;left&#8221; align_last_edited=&#8221;on|tablet&#8221; _builder_version=&#8221;4.27.4&#8243; _module_preset=&#8221;default&#8221; max_width=&#8221;510px&#8221; max_height=&#8221;510px&#8221; max_height_tablet=&#8221;400px&#8221; max_height_phone=&#8221;400px&#8221; max_height_last_edited=&#8221;on|tablet&#8221; animation_style=&#8221;fade&#8221; global_colors_info=&#8221;{}&#8221;][\/et_pb_image][\/et_pb_column][\/et_pb_row][et_pb_row column_structure=&#8221;1_2,1_2&#8243; _builder_version=&#8221;4.23.1&#8243; _module_preset=&#8221;default&#8221; custom_padding=&#8221;61px|||||&#8221; global_colors_info=&#8221;{}&#8221;][et_pb_column type=&#8221;1_2&#8243; _builder_version=&#8221;4.23.1&#8243; _module_preset=&#8221;default&#8221; global_colors_info=&#8221;{}&#8221;][et_pb_text _builder_version=&#8221;4.27.4&#8243; _module_preset=&#8221;58213d80-656c-4a60-810f-108dfc30e990&#8243; text_font=&#8221;|600|||||||&#8221; text_text_color=&#8221;#FFFFFF&#8221; text_font_size=&#8221;25px&#8221; header_2_text_color=&#8221;#FFFFFF&#8221; custom_margin=&#8221;||10px||false|false&#8221; global_colors_info=&#8221;{}&#8221;]<img loading=\"lazy\" decoding=\"async\" width=\"1881\" height=\"706\" src=\"https:\/\/thinkgame.ugal.ro\/site\/wp-content\/uploads\/2025\/03\/uab1.png\" alt=\"\" class=\"wp-image-369 alignnone size-full\" style=\"max-width: 320px;\" srcset=\"https:\/\/thinkgame.ugal.ro\/site\/wp-content\/uploads\/2025\/03\/uab1.png 1881w, https:\/\/thinkgame.ugal.ro\/site\/wp-content\/uploads\/2025\/03\/uab1-1280x480.png 1280w, https:\/\/thinkgame.ugal.ro\/site\/wp-content\/uploads\/2025\/03\/uab1-980x368.png 980w, https:\/\/thinkgame.ugal.ro\/site\/wp-content\/uploads\/2025\/03\/uab1-480x180.png 480w\" sizes=\"(min-width: 0px) and (max-width: 480px) 480px, (min-width: 481px) and (max-width: 980px) 980px, (min-width: 981px) and (max-width: 1280px) 1280px, (min-width: 1281px) 1881px, 100vw\" \/><\/p>\n<p>Universitat Aut\u00f2noma de Barcelona[\/et_pb_text][et_pb_text _builder_version=&#8221;4.27.4&#8243; _module_preset=&#8221;c960732b-b064-48b2-be6b-1f19a680fd4b&#8221; text_text_color=&#8221;gcid-3eb736dd-664e-410d-a075-54b047aa24aa&#8221; global_colors_info=&#8221;{%22gcid-3eb736dd-664e-410d-a075-54b047aa24aa%22:%91%22text_text_color%22%93}&#8221;]<\/p>\n<p>Bellaterra &#8211; Spain<\/p>\n<p><a href=\"http:\/\/www.uab.cat\">www.uab.cat<\/a><\/p>\n<p>Partner<\/p>\n<p>&nbsp;<\/p>\n<p>[\/et_pb_text][\/et_pb_column][et_pb_column type=&#8221;1_2&#8243; _builder_version=&#8221;4.23.1&#8243; _module_preset=&#8221;default&#8221; global_colors_info=&#8221;{}&#8221;][et_pb_image src=&#8221;https:\/\/thinkgame.ugal.ro\/site\/wp-content\/uploads\/2025\/03\/es.png&#8221; align=&#8221;center&#8221; align_tablet=&#8221;left&#8221; align_phone=&#8221;left&#8221; align_last_edited=&#8221;on|tablet&#8221; _builder_version=&#8221;4.27.4&#8243; _module_preset=&#8221;default&#8221; max_width=&#8221;510px&#8221; max_height=&#8221;510px&#8221; max_height_tablet=&#8221;400px&#8221; max_height_phone=&#8221;400px&#8221; max_height_last_edited=&#8221;on|tablet&#8221; animation_style=&#8221;fade&#8221; global_colors_info=&#8221;{}&#8221;][\/et_pb_image][\/et_pb_column][\/et_pb_row][\/et_pb_section][et_pb_section fb_built=&#8221;1&#8243; admin_label=&#8221;Footer&#8221; _builder_version=&#8221;4.23.1&#8243; _module_preset=&#8221;default&#8221; background_color=&#8221;#000000&#8243; saved_tabs=&#8221;all&#8221; locked=&#8221;off&#8221; collapsed=&#8221;on&#8221; global_colors_info=&#8221;{}&#8221;][et_pb_row column_structure=&#8221;1_2,1_2&#8243; _builder_version=&#8221;4.23.1&#8243; _module_preset=&#8221;default&#8221; global_colors_info=&#8221;{}&#8221;][et_pb_column type=&#8221;1_2&#8243; _builder_version=&#8221;4.23.1&#8243; _module_preset=&#8221;default&#8221; global_colors_info=&#8221;{}&#8221;][et_pb_blurb image=&#8221;https:\/\/thinkgame.ugal.ro\/site\/wp-content\/uploads\/2025\/03\/eu.png&#8221; icon_placement=&#8221;left&#8221; image_icon_width=&#8221;120px&#8221; _builder_version=&#8221;4.27.4&#8243; _module_preset=&#8221;default&#8221; global_colors_info=&#8221;{}&#8221;]<span style=\"font-size: 36px; font-weight: bold; line-height: 1em; color: #003399; white-space: nowrap;\">Co-funded by<br \/>\nthe European Union<\/span>[\/et_pb_blurb][\/et_pb_column][et_pb_column type=&#8221;1_2&#8243; _builder_version=&#8221;4.23.1&#8243; _module_preset=&#8221;default&#8221; global_colors_info=&#8221;{}&#8221;][et_pb_text _builder_version=&#8221;4.27.4&#8243; _module_preset=&#8221;default&#8221; text_font=&#8221;Poppins||||||||&#8221; text_font_size=&#8221;16px&#8221; global_colors_info=&#8221;{}&#8221;]<\/p>\n<p><span>KA220-HED &#8211; Cooperation partnerships in higher education<br \/>2023-1-RO01-KA220-HED-000152883 \u2013 Romania<br \/>ThinkGame &#8211; Cooperation to implement Creative Thinking and Gamification for innovative online training of STEM students.<\/span><\/p>\n<p><span><br \/><\/span><span>Funded by the European Union. Views and opinions expressed are however those of the author(s) only and do not necessarily reflect those of the European Union or the European Education and Culture Executive Agency (EACEA). Neither the European Union nor EACEA can be held responsible for them.<\/span><\/p>\n<p>[\/et_pb_text][\/et_pb_column][\/et_pb_row][\/et_pb_section]<\/p>\n","protected":false},"excerpt":{"rendered":"<p>Project partners &#8220;Dun\u0103rea de Jos&#8221; University of Gala\u021biGala\u021bi &#8211; Romania www.ugal.ro Coordinator &nbsp; Universita Ta MaltaMsida &#8211; Malta www.um.edu.mt Partner &nbsp; Petroleum-Gas University of Ploie\u0219tiPloie\u0219ti &#8211; Romania www.upg-ploiesti.ro Partner &nbsp; Polytechnic Institute of Bragan\u00e7aBragan\u00e7a &#8211; Portual www.ipb.pt Partner &nbsp; Universitat Aut\u00f2noma de BarcelonaBellaterra &#8211; Spain www.uab.cat Partner &nbsp;Co-funded by the European UnionKA220-HED &#8211; Cooperation partnerships [&hellip;]<\/p>\n","protected":false},"author":1,"featured_media":0,"parent":0,"menu_order":0,"comment_status":"closed","ping_status":"closed","template":"","meta":{"_et_pb_use_builder":"on","_et_pb_old_content":"","_et_gb_content_width":"","footnotes":""},"class_list":["post-154","page","type-page","status-publish","hentry"],"_links":{"self":[{"href":"https:\/\/thinkgame.ugal.ro\/site\/wp-json\/wp\/v2\/pages\/154","targetHints":{"allow":["GET"]}}],"collection":[{"href":"https:\/\/thinkgame.ugal.ro\/site\/wp-json\/wp\/v2\/pages"}],"about":[{"href":"https:\/\/thinkgame.ugal.ro\/site\/wp-json\/wp\/v2\/types\/page"}],"author":[{"embeddable":true,"href":"https:\/\/thinkgame.ugal.ro\/site\/wp-json\/wp\/v2\/users\/1"}],"replies":[{"embeddable":true,"href":"https:\/\/thinkgame.ugal.ro\/site\/wp-json\/wp\/v2\/comments?post=154"}],"version-history":[{"count":27,"href":"https:\/\/thinkgame.ugal.ro\/site\/wp-json\/wp\/v2\/pages\/154\/revisions"}],"predecessor-version":[{"id":379,"href":"https:\/\/thinkgame.ugal.ro\/site\/wp-json\/wp\/v2\/pages\/154\/revisions\/379"}],"wp:attachment":[{"href":"https:\/\/thinkgame.ugal.ro\/site\/wp-json\/wp\/v2\/media?parent=154"}],"curies":[{"name":"wp","href":"https:\/\/api.w.org\/{rel}","templated":true}]}}